{"id":138,"date":"2022-05-05T14:50:41","date_gmt":"2022-05-05T14:50:41","guid":{"rendered":"https:\/\/wiki.intellego.pt\/?page_id=138"},"modified":"2022-05-05T15:03:13","modified_gmt":"2022-05-05T15:03:13","slug":"audio-video-setup-openspace","status":"publish","type":"page","link":"https:\/\/wiki.intellego.pt\/index.php\/audio-video-setup-openspace\/","title":{"rendered":"Audio\/Video Setup Openspace"},"content":{"rendered":"\n<div class=\"wp-block-group alignwide is-layout-flow wp-block-group-is-layout-flow\">\n<p>Configura\u00e7\u00e3o audio e video no m\u00f3vel da sala<\/p>\n\n\n\n<p>Segue um esquema das liga\u00e7\u00f5es atuais e do projeto para o futuro, com um AVR.<\/p>\n\n\n\n<p>Legenda:<\/p>\n\n\n\n<ul><li>Sw : switch HDMI<\/li><li>Conv : conversor Video Composite para HDMI<\/li><li>HDMI : sinal de video digital<\/li><li>VC : Video Composite, sinal de video an\u00e1l\u00f3gico<\/li><li>AMP : Amplificador anal\u00f3gico<\/li><li>AVR : Audio-Video Receiver &#8211; amplificador\/receptor de audio e video digital<\/li><\/ul>\n\n\n\n<figure class=\"wp-block-image size-large\"><img loading=\"lazy\" decoding=\"async\" width=\"1024\" height=\"768\" src=\"https:\/\/wiki.intellego.pt\/wp-content\/uploads\/2022\/05\/OpenSpace_AV_Setup-1024x768.jpeg\" alt=\"\" class=\"wp-image-139\" srcset=\"https:\/\/wiki.intellego.pt\/wp-content\/uploads\/2022\/05\/OpenSpace_AV_Setup-1024x768.jpeg 1024w, https:\/\/wiki.intellego.pt\/wp-content\/uploads\/2022\/05\/OpenSpace_AV_Setup-300x225.jpeg 300w, https:\/\/wiki.intellego.pt\/wp-content\/uploads\/2022\/05\/OpenSpace_AV_Setup-768x576.jpeg 768w, https:\/\/wiki.intellego.pt\/wp-content\/uploads\/2022\/05\/OpenSpace_AV_Setup.jpeg 1280w\" sizes=\"(max-width: 1024px) 100vw, 1024px\" \/><\/figure>\n\n\n\n<p><\/p>\n\n\n\n<h2 class=\"wp-block-heading\">Problema do Mac mini<\/h2>\n\n\n\n<p>O Mac mini n\u00e3o liga normalmente \u00e0 TV (a porta de video est\u00e1 avariada por causa da trovoada no passado). Se mudarmos a source da TV para a entrada do Mac mini, a acordarmos este atrav\u00e9s do teclado\/rato, normalmente n\u00e3o se v\u00ea imagem nem som como se devia.<\/p>\n\n\n\n<p>Solu\u00e7\u00e3o normal: Depois de ter a TV na entrada correta, basta ir ao switch HDMI (no ch\u00e3o, do lado esquerdo do m\u00f3vel da TV), desligado o cabo com ficha vermelha, esperar 5 segundos e voltar a ligar. Dentro de mais 5 segundos deve aparecer a imagem do Mac na TV.<\/p>\n\n\n\n<p>Se n\u00e3o funcionar, deve-se tentar o seguinte:<\/p>\n\n\n\n<ul><li>Ligar o switch \u00e0 energia se n\u00e3o estiver<\/li><li>Ligar o conversor Video Composite para HDMI \u00e0 energia, se n\u00e3o estiver<\/li><li>Ligar o cabo HDMI da Wii (vem do conversor Video Composite para HDMI) ao switch HDMI<\/li><\/ul>\n\n\n\n<p>Uma das combina\u00e7\u00f5es anteriores dever\u00e1 funcionar. J\u00e1 houve uma que at\u00e9 ficou a funcionar diretamente (ao mudar a TV para o Mac e acordando-o de seguida, ele dava imagem sem mexer em nada), mas deixou de funcionar ao fim de alguns dias. Parece ser imprevis\u00edvel devido \u00e0 avaria da porta de video (e a TV tamb\u00e9m n\u00e3o deve ser grande coisa a detetar os sinais de video no limite das specs&#8230;).<\/p>\n<\/div>\n","protected":false},"excerpt":{"rendered":"<p>Configura\u00e7\u00e3o audio e video no m\u00f3vel da sala Segue um esquema das liga\u00e7\u00f5es atuais e do projeto para o futuro, com um AVR. Legenda: Sw : switch HDMI Conv : conversor Video Composite para HDMI HDMI : sinal de video digital VC : Video Composite, sinal de video an\u00e1l\u00f3gico AMP : Amplificador anal\u00f3gico AVR : [&hellip;]<\/p>\n","protected":false},"author":1,"featured_media":0,"parent":0,"menu_order":0,"comment_status":"closed","ping_status":"closed","template":"","meta":{"footnotes":""},"_links":{"self":[{"href":"https:\/\/wiki.intellego.pt\/index.php\/wp-json\/wp\/v2\/pages\/138"}],"collection":[{"href":"https:\/\/wiki.intellego.pt\/index.php\/wp-json\/wp\/v2\/pages"}],"about":[{"href":"https:\/\/wiki.intellego.pt\/index.php\/wp-json\/wp\/v2\/types\/page"}],"author":[{"embeddable":true,"href":"https:\/\/wiki.intellego.pt\/index.php\/wp-json\/wp\/v2\/users\/1"}],"replies":[{"embeddable":true,"href":"https:\/\/wiki.intellego.pt\/index.php\/wp-json\/wp\/v2\/comments?post=138"}],"version-history":[{"count":5,"href":"https:\/\/wiki.intellego.pt\/index.php\/wp-json\/wp\/v2\/pages\/138\/revisions"}],"predecessor-version":[{"id":144,"href":"https:\/\/wiki.intellego.pt\/index.php\/wp-json\/wp\/v2\/pages\/138\/revisions\/144"}],"wp:attachment":[{"href":"https:\/\/wiki.intellego.pt\/index.php\/wp-json\/wp\/v2\/media?parent=138"}],"curies":[{"name":"wp","href":"https:\/\/api.w.org\/{rel}","templated":true}]}}