{"id":38,"date":"2022-03-30T07:37:52","date_gmt":"2022-03-30T07:37:52","guid":{"rendered":"https:\/\/wiki.intellego.pt\/?page_id=38"},"modified":"2022-04-27T15:00:42","modified_gmt":"2022-04-27T15:00:42","slug":"backups-da-familia","status":"publish","type":"page","link":"https:\/\/wiki.intellego.pt\/index.php\/backups-da-familia\/","title":{"rendered":"Backups da fam\u00edlia"},"content":{"rendered":"\n<div class=\"wp-block-group alignfull is-layout-flow wp-block-group-is-layout-flow\">\n<p>Esta p\u00e1gina descreve onde est\u00e3o os dados inform\u00e1ticos da fam\u00edlia, e onde est\u00e3o os backups (c\u00f3pias) desses dados.<\/p>\n\n\n\n<p>Assim, no caso de acontecer alguma coisa (se se perder um laptop ou um telem\u00f3vel, ou avariar um computador, ou tiver de se fazer reset, etc) temos os dados do backup para preparar um equipamento novo e n\u00e3o perdemos nada.<\/p>\n\n\n\n<p>Al\u00e9m disso, alguns dados s\u00f3 est\u00e3o no servidor.<\/p>\n\n\n\n<h1 class=\"wp-block-heading\">BACKUPs<\/h1>\n\n\n\n<p>O NAS ter\u00e1 muita coisa que n\u00e3o est\u00e1 em&nbsp;<strong>computador nenhum<\/strong>: fotos, m\u00fasica, videos da fam\u00edlia, dados de arquivo, jogos, projetos simples, etc. Est\u00e1 no NAS para permitir acesso a toda a gente.<br>Todos os computadores fazem&nbsp;<strong>backup<\/strong>&nbsp;para o NAS. Assim, o NAS ter\u00e1 toda a informa\u00e7\u00e3o da fam\u00edlia.<br>Backup do NAS para o MacPro diariamente. Isto ser\u00e1 o&nbsp;<strong>backup local do NAS<\/strong>.Copiar tudo&nbsp;(manualmente&nbsp;para j\u00e1) do NAS para um disco offsite semanalmente. Isto ser\u00e1 o&nbsp;<strong>backup offsite<\/strong>&nbsp;do NAS.<br>Todos os servi\u00e7os devem ter forma de exportar ou copiar o conte\u00fado para outro servi\u00e7o, e de fazer backup file-based(nada&nbsp;de sistemas de backup propriet\u00e1rios).<br>Utilizo o TimeMachine da Apple&nbsp;(inclu\u00eddo&nbsp;no macOS) para os Macs workstation principais.Todos os outros backups s\u00e3o feitos por CCC&nbsp;(Carbon&nbsp;Copy Cloner), do qual comprei uma licen\u00e7a da vers\u00e3o 5.<br>Os Backups est\u00e3o ent\u00e3o configurados assim:<\/p>\n\n\n\n<ul><li>Workstations<ul><li>O Mac do \u00d3scar faz backup autom\u00e1tico via TimeMachine para o NAS\u00a0(isto\u00a0copia todo o sistema operativo e ficheiros). Faz tamb\u00e9m backup via CCC para o NAS \u2192 CargoBay \u2192 BACKUP-OSCAR. Ainda n\u00e3o est\u00e1 configurado, pois tenho trabalhado com os projetos diretamente no NAS, montando o share via SMB, o que modifica diretamente os ficheiros no NAS e n\u00e3o necessito de c\u00f3pia local.<\/li><li>O Mac da Ester faz backup autom\u00e1ticovia TimeMachine para o NAS\u00a0(isto\u00a0copia todo o sistema operativo e ficheiros). Faz tamb\u00e9m backup autom\u00e1tico via CCC para o NAS \u2192 CargoBay \u2192 BACKUP-ESTER. Ela tem montes de ficheiros locais a guardar\u00a0(Word,\u00a0Excel, etc.) porque trabalha muito na escola e o acesso ao NAS n\u00e3o \u00e9 r\u00e1pido nem pr\u00e1tico.<\/li><li>A Raspberry Pi da Matilde\u00a0(cujo\u00a0OS \u00e9 Linux) faz backup via rsync para NAS \u2192 CargoBay \u2192 BACKUP-MATILDE, \u00a0. Ainda n\u00e3o configurei de forma autom\u00e1tica.<\/li><\/ul><\/li><li>SERVIDOR \/ NAS<ul><li>Backup autom\u00e1tico via CCC para MacPro\u00a0(disco\u00a0de 2TB Seagate que j\u00e1 deu problemas no passado, montado no MacPro no recept\u00e1culo SATA n\u00famero 4).<\/li><li>Backup manual semanal para OFFSITE: um disco Toshiba USB3.0\u00a0(2.5\u2019\u2019)\u00a0de 2TB de tamanho.<ul><li>Fa\u00e7o o backup no meu Mac, usando o CCC. Monto o disco do MacPro que recebe o backup di\u00e1rio do NAS, e fa\u00e7o clone para o disco USB\u00a0(\u00e9\u00a0feito via rede Gigabit, logo \u00e9 bastante r\u00e1pido).<\/li><li>Guardo-o em casa dos patr\u00f5es, em local a determinar, de prefer\u00eancia de forma a termos acesso.\u00a0<\/li><li>No futuro, isto dever\u00e1 ser um robot que tem o disco nele, que vem a casa fazer backup e vai embora.\u00a0<\/li><li>Uma vers\u00e3o mais simples seria um sistema\u00a0(alimentado\u00a0por bateria ou UPS?) que estive na casa dos patr\u00f5es e ligasse\/desligasse fisicamente o disco a um computador para fazer backups de 3 em 3 dias via a rede\u00a0(lenta,\u00a010\/100) da casa deles.<\/li><\/ul><\/li><li><strong>TODO<\/strong>: Backup manual para disco pequeno ou Memory Stick dos dados das aplica\u00e7\u00e3o do NAS e configura\u00e7\u00e3o. Isto \u00e9 as bases de dados dos websites, blogs, email, etc, assim como a configura\u00e7\u00e3o de todos os servi\u00e7os do NAS, utilizadores, permiss\u00f5es, etc. Deve ser poss\u00edvel repor o NAS com isto, mas \u00e9 imposs\u00edvel testar\u2026\u00a0<\/li><li><strong>TODO:<\/strong>\u00a0Backup autom\u00e1tico das bases de dados de MariaDB para outro server, talvez para a Raspberry Pi da SARA. Backup dos calend\u00e1rios e contactos manualmente todos os meses para ficheiro\u00a0(export).\u00a0Backup dos emails para ficheiros\u00a0(via\u00a0Thunderbird).<\/li><\/ul><\/li><\/ul>\n<\/div>\n\n\n\n<div class=\"wp-block-group alignfull is-layout-flow wp-block-group-is-layout-flow\">\n<p><\/p>\n\n\n\n<h2 class=\"wp-block-heading\">Sites WordPress<\/h2>\n\n\n\n<p>Os backups dos Websites ainda n\u00e3o est\u00e3o a ser feitos de forma autom\u00e1tica! <\/p>\n\n\n\n<p>Devemos fazer backup dos ficheiros no share web (os backups normais do server fazem isto) mas tamb\u00e9m da base de dados associada ao site em MariaDB (normalmente faz-se um dump SQL em PHPMyAdmin). H\u00e1 plugins para fazer isto automaticamente. <\/p>\n\n\n\n<p>Existe o plugin <em>Simply Static<\/em> que gera uma vers\u00e3o do site em HTML est\u00e1tico, boa para guardar snapshots do site para backup e acesso offline (caso o server fique offline por algum motivo).<mark style=\"background-color:#000000;color:#ffeb00\" class=\"has-inline-color\"> <strong>Isto \u00e9 muito importante<\/strong><\/mark><strong> <\/strong>no sentido em que se o server falhar e eu tiver de reconfigurar um novo, n\u00e3o tenho acesso ao site\/wiki onde est\u00e3o as minhas notas! \u00c9 imperativo ter a vers\u00e3o est\u00e1tica offline nos backups (fora do server) para eu aceder!<\/p>\n\n\n\n<p>Preparar e tomar notas aqui quando estiver feito. Para j\u00e1 fa\u00e7o backups da base de dados manuais mensais (yuck)&#8230; quando fa\u00e7o. \ud83d\ude41<\/p>\n<\/div>\n\n\n\n<p><\/p>\n","protected":false},"excerpt":{"rendered":"<p>Esta p\u00e1gina descreve onde est\u00e3o os dados inform\u00e1ticos da fam\u00edlia, e onde est\u00e3o os backups (c\u00f3pias) desses dados. Assim, no caso de acontecer alguma coisa (se se perder um laptop ou um telem\u00f3vel, ou avariar um computador, ou tiver de se fazer reset, etc) temos os dados do backup para preparar um equipamento novo e [&hellip;]<\/p>\n","protected":false},"author":1,"featured_media":0,"parent":0,"menu_order":0,"comment_status":"closed","ping_status":"closed","template":"","meta":{"footnotes":""},"_links":{"self":[{"href":"https:\/\/wiki.intellego.pt\/index.php\/wp-json\/wp\/v2\/pages\/38"}],"collection":[{"href":"https:\/\/wiki.intellego.pt\/index.php\/wp-json\/wp\/v2\/pages"}],"about":[{"href":"https:\/\/wiki.intellego.pt\/index.php\/wp-json\/wp\/v2\/types\/page"}],"author":[{"embeddable":true,"href":"https:\/\/wiki.intellego.pt\/index.php\/wp-json\/wp\/v2\/users\/1"}],"replies":[{"embeddable":true,"href":"https:\/\/wiki.intellego.pt\/index.php\/wp-json\/wp\/v2\/comments?post=38"}],"version-history":[{"count":6,"href":"https:\/\/wiki.intellego.pt\/index.php\/wp-json\/wp\/v2\/pages\/38\/revisions"}],"predecessor-version":[{"id":90,"href":"https:\/\/wiki.intellego.pt\/index.php\/wp-json\/wp\/v2\/pages\/38\/revisions\/90"}],"wp:attachment":[{"href":"https:\/\/wiki.intellego.pt\/index.php\/wp-json\/wp\/v2\/media?parent=38"}],"curies":[{"name":"wp","href":"https:\/\/api.w.org\/{rel}","templated":true}]}}