{"id":40,"date":"2022-03-30T11:07:07","date_gmt":"2022-03-30T11:07:07","guid":{"rendered":"https:\/\/wiki.intellego.pt\/?page_id=40"},"modified":"2022-05-06T15:58:40","modified_gmt":"2022-05-06T15:58:40","slug":"wordpress-websites","status":"publish","type":"page","link":"https:\/\/wiki.intellego.pt\/index.php\/wordpress-websites\/","title":{"rendered":"WordPress websites"},"content":{"rendered":"\n<h2 class=\"wp-block-heading\">O que temos<\/h2>\n\n\n\n<p>TODO: Onde est\u00e3o e configura\u00e7\u00e3o<\/p>\n\n\n\n<p>Os blogs est\u00e3o no servidor, no share web, cada um no seu diret\u00f3rio.<\/p>\n\n\n\n<p>Listagem:<\/p>\n\n\n\n<figure class=\"wp-block-table is-style-regular\"><table><tbody><tr><td>Website<\/td><td>Direct\u00f3rio<\/td><\/tr><tr><td>Blog do \u00d3scar<\/td><td>flinks_blog<\/td><\/tr><tr><td>Blog da Ester<\/td><td>esters_blog<\/td><\/tr><\/tbody><\/table><\/figure>\n\n\n\n<h2 class=\"wp-block-heading\">Seguran\u00e7a<\/h2>\n\n\n\n<p>N\u00e3o \u00e9 poss\u00edvel aceder de fora \u00e0s p\u00e1ginas de administra\u00e7\u00e3o dos blogs, por seguran\u00e7a. Eu coloquei ficheiros .htaccess para impedir esse acesso, excepto de IPs da rede local. Assim, \u00e9 poss\u00edvel aceder de qualquer computador da rede local.<\/p>\n\n\n\n<p>Nos mesmos ficheiros tamb\u00e9m impe\u00e7o de chegar ao interface XMLRPC dos sites, que n\u00f3s n\u00e3o usamos e estando abertos podem ser um problema de seguran\u00e7a.<\/p>\n\n\n\n<p>Ainda pesquisei os v\u00e1rios plugins de seguran\u00e7a, mas para j\u00e1 n\u00e3o instalei nenhum. O plugin Ninja-qualquer coisa pareceu-me interessante.<\/p>\n\n\n\n<h2 class=\"wp-block-heading\">Notas<\/h2>\n\n\n\n<p>Ver isto por causa das permiss\u00f5es dos ficheiros: https:\/\/kb.synology.com\/en-me\/DSM\/tutorial\/permission_faq<\/p>\n\n\n\n<p>O servidor Synology usa permiss\u00f5es &#8220;Windows ACL&#8221; e n\u00e3o as permiss\u00f5es Unix. N\u00e3o posso simplesmente mudar as permiss\u00f5es por SSH, tem de ser no DSM.<\/p>\n\n\n\n<p><\/p>\n","protected":false},"excerpt":{"rendered":"<p>O que temos TODO: Onde est\u00e3o e configura\u00e7\u00e3o Os blogs est\u00e3o no servidor, no share web, cada um no seu diret\u00f3rio. Listagem: Website Direct\u00f3rio Blog do \u00d3scar flinks_blog Blog da Ester esters_blog Seguran\u00e7a N\u00e3o \u00e9 poss\u00edvel aceder de fora \u00e0s p\u00e1ginas de administra\u00e7\u00e3o dos blogs, por seguran\u00e7a. Eu coloquei ficheiros .htaccess para impedir esse acesso, [&hellip;]<\/p>\n","protected":false},"author":1,"featured_media":0,"parent":0,"menu_order":0,"comment_status":"closed","ping_status":"closed","template":"","meta":{"footnotes":""},"_links":{"self":[{"href":"https:\/\/wiki.intellego.pt\/index.php\/wp-json\/wp\/v2\/pages\/40"}],"collection":[{"href":"https:\/\/wiki.intellego.pt\/index.php\/wp-json\/wp\/v2\/pages"}],"about":[{"href":"https:\/\/wiki.intellego.pt\/index.php\/wp-json\/wp\/v2\/types\/page"}],"author":[{"embeddable":true,"href":"https:\/\/wiki.intellego.pt\/index.php\/wp-json\/wp\/v2\/users\/1"}],"replies":[{"embeddable":true,"href":"https:\/\/wiki.intellego.pt\/index.php\/wp-json\/wp\/v2\/comments?post=40"}],"version-history":[{"count":3,"href":"https:\/\/wiki.intellego.pt\/index.php\/wp-json\/wp\/v2\/pages\/40\/revisions"}],"predecessor-version":[{"id":152,"href":"https:\/\/wiki.intellego.pt\/index.php\/wp-json\/wp\/v2\/pages\/40\/revisions\/152"}],"wp:attachment":[{"href":"https:\/\/wiki.intellego.pt\/index.php\/wp-json\/wp\/v2\/media?parent=40"}],"curies":[{"name":"wp","href":"https:\/\/api.w.org\/{rel}","templated":true}]}}