{"id":8,"date":"2022-03-29T11:30:27","date_gmt":"2022-03-29T11:30:27","guid":{"rendered":"https:\/\/wiki.intellego.pt\/?page_id=8"},"modified":"2025-02-01T19:32:22","modified_gmt":"2025-02-01T19:32:22","slug":"our-secret-garden","status":"publish","type":"page","link":"https:\/\/wiki.intellego.pt\/","title":{"rendered":"Our Secret Garden"},"content":{"rendered":"\n<div class=\"wp-block-group alignwide is-layout-flow wp-block-group-is-layout-flow\">\n<p class=\"has-text-align-center has-medium-font-size\">Benvindos ao Wiki e Dashboard da nossa fam\u00edlia! <\/p>\n\n\n\n<p>Este website (s\u00f3 acess\u00edvel da nossa rede local) ser\u00e1 o nosso <strong>Dashboard e Wiki familiar<\/strong>! Aqui temos:<\/p>\n\n\n\n<ul>\n<li><strong>links<\/strong> importantes (banco, finan\u00e7as, servidores, routers da rede, etc).<\/li>\n\n\n\n<li><strong>p\u00e1ginas<\/strong> onde registamos informa\u00e7\u00e3o sobre a nossa <strong>casa<\/strong> e <strong>procedimentos<\/strong> familiares. <\/li>\n<\/ul>\n\n\n\n<p>Servir\u00e1 como reposit\u00f3rio dessa informa\u00e7\u00e3o para podermos referenciar sempre que precisarmos, e podermos melhorar o que temos e o que fazemos em fam\u00edlia.A ideia \u00e9 criar uma p\u00e1gina para documentar cada projeto ou procedimento familiar, e adicionar ao menu. Podemos tamb\u00e9m criar posts para registar eventos importantes da fam\u00edlia.<\/p>\n\n\n\n<p>Links para site externos importantes, finan\u00e7as, bancos, NOWO, etc.<\/p>\n\n\n\n<p>Links para sites internos importantes, servidor principal, de DNS, routers e switches, etc.<\/p>\n\n\n\n<h2 class=\"wp-block-heading has-text-align-center\">Sites importantes da Fam\u00edlia<\/h2>\n\n\n\n<div class=\"wp-block-columns has-pale-cyan-blue-background-color has-background is-layout-flex wp-container-core-columns-layout-1 wp-block-columns-is-layout-flex\">\n<div class=\"wp-block-column is-layout-flow wp-block-column-is-layout-flow\">\n<figure class=\"wp-block-image size-full\"><a href=\"https:\/\/dynalist.io\"><img loading=\"lazy\" decoding=\"async\" width=\"903\" height=\"302\" src=\"https:\/\/wiki.intellego.pt\/wp-content\/uploads\/2022\/04\/dynalist.png\" alt=\"\" class=\"wp-image-129\" srcset=\"https:\/\/wiki.intellego.pt\/wp-content\/uploads\/2022\/04\/dynalist.png 903w, https:\/\/wiki.intellego.pt\/wp-content\/uploads\/2022\/04\/dynalist-300x100.png 300w, https:\/\/wiki.intellego.pt\/wp-content\/uploads\/2022\/04\/dynalist-768x257.png 768w\" sizes=\"(max-width: 903px) 100vw, 903px\" \/><\/a><\/figure>\n<\/div>\n\n\n\n<div class=\"wp-block-column is-layout-flow wp-block-column-is-layout-flow\"><\/div>\n\n\n\n<div class=\"wp-block-column is-layout-flow wp-block-column-is-layout-flow\"><\/div>\n<\/div>\n\n\n\n<div class=\"wp-block-columns has-pale-cyan-blue-background-color has-background is-layout-flex wp-container-core-columns-layout-2 wp-block-columns-is-layout-flex\">\n<div class=\"wp-block-column is-layout-flow wp-block-column-is-layout-flow\">\n<figure class=\"wp-block-image size-full is-resized\"><a href=\"https:\/\/sitfiscal.portaldasfinancas.gov.pt\/geral\/home\"><img loading=\"lazy\" decoding=\"async\" width=\"235\" height=\"71\" src=\"https:\/\/wiki.intellego.pt\/wp-content\/uploads\/2022\/04\/Screenshot-2022-04-08-at-12.58.04.png\" alt=\"\" class=\"wp-image-49\" style=\"width:268px;height:81px\"\/><\/a><\/figure>\n<\/div>\n\n\n\n<div class=\"wp-block-column is-layout-flow wp-block-column-is-layout-flow\">\n<figure class=\"wp-block-image size-full is-resized has-custom-border\"><a href=\"https:\/\/banco.bankinter.pt\/particulares\/\"><img loading=\"lazy\" decoding=\"async\" width=\"211\" height=\"57\" src=\"https:\/\/wiki.intellego.pt\/wp-content\/uploads\/2022\/04\/Screenshot-2022-04-08-at-13.00.27.png\" alt=\"\" class=\"wp-image-50\" style=\"border-radius:0px;width:296px;height:80px\"\/><\/a><\/figure>\n<\/div>\n\n\n\n<div class=\"wp-block-column is-layout-flow wp-block-column-is-layout-flow\">\n<figure class=\"wp-block-image size-full\"><a href=\"https:\/\/cliente.nowo.pt\/login\"><img loading=\"lazy\" decoding=\"async\" width=\"317\" height=\"86\" src=\"https:\/\/wiki.intellego.pt\/wp-content\/uploads\/2022\/04\/nowo-logo.png\" alt=\"\" class=\"wp-image-110\" srcset=\"https:\/\/wiki.intellego.pt\/wp-content\/uploads\/2022\/04\/nowo-logo.png 317w, https:\/\/wiki.intellego.pt\/wp-content\/uploads\/2022\/04\/nowo-logo-300x81.png 300w\" sizes=\"(max-width: 317px) 100vw, 317px\" \/><\/a><\/figure>\n<\/div>\n<\/div>\n\n\n\n<h2 class=\"wp-block-heading has-text-align-center\">Sites de gest\u00e3o da nossa rede<\/h2>\n\n\n\n<div class=\"wp-block-columns has-pale-cyan-blue-background-color has-background is-layout-flex wp-container-core-columns-layout-3 wp-block-columns-is-layout-flex\">\n<div class=\"wp-block-column is-layout-flow wp-block-column-is-layout-flow\">\n<figure class=\"wp-block-image aligncenter size-full\"><img loading=\"lazy\" decoding=\"async\" width=\"281\" height=\"119\" src=\"https:\/\/wiki.intellego.pt\/wp-content\/uploads\/2022\/11\/fritzbox.png\" alt=\"\" class=\"wp-image-182\"\/><figcaption class=\"wp-element-caption\">Router 1 &#8211; FritzBox<\/figcaption><\/figure>\n\n\n\n<figure class=\"wp-block-image aligncenter size-full\"><img loading=\"lazy\" decoding=\"async\" width=\"277\" height=\"103\" src=\"https:\/\/wiki.intellego.pt\/wp-content\/uploads\/2022\/11\/portainer.png\" alt=\"\" class=\"wp-image-180\"\/><figcaption class=\"wp-element-caption\">Servidor 2 &#8211; Portainer<\/figcaption><\/figure>\n<\/div>\n\n\n\n<div class=\"wp-block-column is-layout-flow wp-block-column-is-layout-flow\">\n<figure class=\"wp-block-image aligncenter size-full is-resized\"><a href=\"http:\/\/192.168.29.29\/admin\/login.php\"><img loading=\"lazy\" decoding=\"async\" width=\"240\" height=\"103\" src=\"https:\/\/wiki.intellego.pt\/wp-content\/uploads\/2022\/04\/pihole.png\" alt=\"\" class=\"wp-image-125\" style=\"width:182px;height:78px\"\/><\/a><figcaption class=\"wp-element-caption\">Servidor 2 &#8211; DNS (e VPN)<\/figcaption><\/figure>\n<\/div>\n<\/div>\n\n\n\n<h2 class=\"wp-block-heading has-text-align-center\">Servi\u00e7os na nossa rede<\/h2>\n\n\n\n<div class=\"wp-block-columns has-pale-cyan-blue-background-color has-background is-layout-flex wp-container-core-columns-layout-4 wp-block-columns-is-layout-flex\">\n<div class=\"wp-block-column is-layout-flow wp-block-column-is-layout-flow\">\n<figure class=\"wp-block-image aligncenter size-full is-resized\"><a href=\"https:\/\/modplayer.intellego.pt\"><img loading=\"lazy\" decoding=\"async\" width=\"647\" height=\"135\" src=\"https:\/\/wiki.intellego.pt\/wp-content\/uploads\/2022\/04\/homeassistant-logo.png\" alt=\"\" class=\"wp-image-127\" style=\"width:372px;height:77px\" srcset=\"https:\/\/wiki.intellego.pt\/wp-content\/uploads\/2022\/04\/homeassistant-logo.png 647w, https:\/\/wiki.intellego.pt\/wp-content\/uploads\/2022\/04\/homeassistant-logo-300x63.png 300w\" sizes=\"(max-width: 647px) 100vw, 647px\" \/><\/a><figcaption class=\"wp-element-caption\">SARA<\/figcaption><\/figure>\n<\/div>\n\n\n\n<div class=\"wp-block-column is-layout-flow wp-block-column-is-layout-flow\">\n<figure class=\"wp-block-image aligncenter size-full is-resized\"><a href=\"http:\/\/192.168.29.26:8123\"><img loading=\"lazy\" decoding=\"async\" width=\"647\" height=\"135\" src=\"https:\/\/wiki.intellego.pt\/wp-content\/uploads\/2022\/04\/homeassistant-logo.png\" alt=\"\" class=\"wp-image-127\" style=\"width:372px;height:77px\" srcset=\"https:\/\/wiki.intellego.pt\/wp-content\/uploads\/2022\/04\/homeassistant-logo.png 647w, https:\/\/wiki.intellego.pt\/wp-content\/uploads\/2022\/04\/homeassistant-logo-300x63.png 300w\" sizes=\"(max-width: 647px) 100vw, 647px\" \/><\/a><figcaption class=\"wp-element-caption\">SARA via acesso LOCAL<\/figcaption><\/figure>\n<\/div>\n<\/div>\n\n\n\n<div class=\"wp-block-columns has-pale-cyan-blue-background-color has-background is-layout-flex wp-container-core-columns-layout-5 wp-block-columns-is-layout-flex\">\n<div class=\"wp-block-column is-layout-flow wp-block-column-is-layout-flow\">\n<figure class=\"wp-block-image aligncenter size-full\"><a href=\"https:\/\/formula9.net:29009\"><img loading=\"lazy\" decoding=\"async\" width=\"339\" height=\"114\" src=\"https:\/\/wiki.intellego.pt\/wp-content\/uploads\/2022\/08\/synology.png\" alt=\"\" class=\"wp-image-170\" srcset=\"https:\/\/wiki.intellego.pt\/wp-content\/uploads\/2022\/08\/synology.png 339w, https:\/\/wiki.intellego.pt\/wp-content\/uploads\/2022\/08\/synology-300x101.png 300w\" sizes=\"(max-width: 339px) 100vw, 339px\" \/><\/a><figcaption class=\"wp-element-caption\">Servidor Principal<\/figcaption><\/figure>\n<\/div>\n\n\n\n<div class=\"wp-block-column is-layout-flow wp-block-column-is-layout-flow\">\n<figure class=\"wp-block-image aligncenter size-full\"><a href=\"https:\/\/192.168.29.52:29009\"><img loading=\"lazy\" decoding=\"async\" width=\"339\" height=\"114\" src=\"https:\/\/wiki.intellego.pt\/wp-content\/uploads\/2022\/08\/synology.png\" alt=\"\" class=\"wp-image-170\" srcset=\"https:\/\/wiki.intellego.pt\/wp-content\/uploads\/2022\/08\/synology.png 339w, https:\/\/wiki.intellego.pt\/wp-content\/uploads\/2022\/08\/synology-300x101.png 300w\" sizes=\"(max-width: 339px) 100vw, 339px\" \/><\/a><figcaption class=\"wp-element-caption\">Servidor Principal &#8211; acesso LOCAL<\/figcaption><\/figure>\n<\/div>\n<\/div>\n\n\n\n<div class=\"wp-block-columns has-pale-cyan-blue-background-color has-background is-layout-flex wp-container-core-columns-layout-6 wp-block-columns-is-layout-flex\">\n<div class=\"wp-block-column is-layout-flow wp-block-column-is-layout-flow\">\n<figure class=\"wp-block-image aligncenter size-full\"><a href=\"http:\/\/192.168.29.63\"><img loading=\"lazy\" decoding=\"async\" width=\"960\" height=\"249\" src=\"https:\/\/wiki.intellego.pt\/wp-content\/uploads\/2022\/08\/octoprint.png\" alt=\"\" class=\"wp-image-173\" srcset=\"https:\/\/wiki.intellego.pt\/wp-content\/uploads\/2022\/08\/octoprint.png 960w, https:\/\/wiki.intellego.pt\/wp-content\/uploads\/2022\/08\/octoprint-300x78.png 300w, https:\/\/wiki.intellego.pt\/wp-content\/uploads\/2022\/08\/octoprint-768x199.png 768w\" sizes=\"(max-width: 960px) 100vw, 960px\" \/><\/a><figcaption class=\"wp-element-caption\">Octoprint &#8211; Raspberry da Impressora 3D<\/figcaption><\/figure>\n<\/div>\n\n\n\n<div class=\"wp-block-column is-layout-flow wp-block-column-is-layout-flow\"><\/div>\n<\/div>\n\n\n\n<h2 class=\"wp-block-heading has-text-align-center\">Blogs<\/h2>\n\n\n\n<div class=\"wp-block-columns has-vivid-cyan-blue-background-color has-background is-layout-flex wp-container-core-columns-layout-7 wp-block-columns-is-layout-flex\">\n<div class=\"wp-block-column is-layout-flow wp-block-column-is-layout-flow\">\n<figure class=\"wp-block-image size-full\"><a href=\"https:\/\/esterlinha.intellego.pt\"><img loading=\"lazy\" decoding=\"async\" width=\"343\" height=\"98\" src=\"https:\/\/wiki.intellego.pt\/wp-content\/uploads\/2022\/04\/esterlinha-logo.png\" alt=\"\" class=\"wp-image-113\" srcset=\"https:\/\/wiki.intellego.pt\/wp-content\/uploads\/2022\/04\/esterlinha-logo.png 343w, https:\/\/wiki.intellego.pt\/wp-content\/uploads\/2022\/04\/esterlinha-logo-300x86.png 300w\" sizes=\"(max-width: 343px) 100vw, 343px\" \/><\/a><\/figure>\n<\/div>\n\n\n\n<div class=\"wp-block-column is-layout-flow wp-block-column-is-layout-flow\">\n<figure class=\"wp-block-image size-full\"><a href=\"https:\/\/matilde.intellego.pt\"><img loading=\"lazy\" decoding=\"async\" width=\"506\" height=\"125\" src=\"https:\/\/wiki.intellego.pt\/wp-content\/uploads\/2022\/04\/mundos-matilde-logo.png\" alt=\"\" class=\"wp-image-114\" srcset=\"https:\/\/wiki.intellego.pt\/wp-content\/uploads\/2022\/04\/mundos-matilde-logo.png 506w, https:\/\/wiki.intellego.pt\/wp-content\/uploads\/2022\/04\/mundos-matilde-logo-300x74.png 300w\" sizes=\"(max-width: 506px) 100vw, 506px\" \/><\/a><\/figure>\n<\/div>\n\n\n\n<div class=\"wp-block-column is-layout-flow wp-block-column-is-layout-flow\">\n<figure class=\"wp-block-image size-full\"><a href=\"https:\/\/flink.intellego.pt\"><img loading=\"lazy\" decoding=\"async\" width=\"457\" height=\"107\" src=\"https:\/\/wiki.intellego.pt\/wp-content\/uploads\/2022\/04\/comp-spark-logo.png\" alt=\"\" class=\"wp-image-115\" srcset=\"https:\/\/wiki.intellego.pt\/wp-content\/uploads\/2022\/04\/comp-spark-logo.png 457w, https:\/\/wiki.intellego.pt\/wp-content\/uploads\/2022\/04\/comp-spark-logo-300x70.png 300w\" sizes=\"(max-width: 457px) 100vw, 457px\" \/><\/a><\/figure>\n<\/div>\n\n\n\n<div class=\"wp-block-column is-layout-flow wp-block-column-is-layout-flow\">\n<figure class=\"wp-block-image size-full\"><a href=\"https:\/\/matildetsarabando.wixsite.com\/asaventurasdegabriel\/biblioteca-1\"><img loading=\"lazy\" decoding=\"async\" width=\"314\" height=\"62\" src=\"https:\/\/wiki.intellego.pt\/wp-content\/uploads\/2022\/04\/avent-gabriel-logo.png\" alt=\"\" class=\"wp-image-116\" srcset=\"https:\/\/wiki.intellego.pt\/wp-content\/uploads\/2022\/04\/avent-gabriel-logo.png 314w, https:\/\/wiki.intellego.pt\/wp-content\/uploads\/2022\/04\/avent-gabriel-logo-300x59.png 300w\" sizes=\"(max-width: 314px) 100vw, 314px\" \/><\/a><\/figure>\n<\/div>\n<\/div>\n\n\n\n<div class=\"wp-block-columns has-vivid-cyan-blue-background-color has-background is-layout-flex wp-container-core-columns-layout-8 wp-block-columns-is-layout-flex\">\n<div class=\"wp-block-column is-layout-flow wp-block-column-is-layout-flow\">\n<figure class=\"wp-block-image size-full\"><a href=\"https:\/\/search.google.com\/search-console?resource_id=https%3A%2F%2Festerlinha.intellego.pt%2F\"><img loading=\"lazy\" decoding=\"async\" width=\"343\" height=\"98\" src=\"https:\/\/wiki.intellego.pt\/wp-content\/uploads\/2022\/04\/esterlinha-logo.png\" alt=\"\" class=\"wp-image-113\" srcset=\"https:\/\/wiki.intellego.pt\/wp-content\/uploads\/2022\/04\/esterlinha-logo.png 343w, https:\/\/wiki.intellego.pt\/wp-content\/uploads\/2022\/04\/esterlinha-logo-300x86.png 300w\" sizes=\"(max-width: 343px) 100vw, 343px\" \/><\/a><figcaption class=\"wp-element-caption\">Google Search Console<\/figcaption><\/figure>\n<\/div>\n\n\n\n<div class=\"wp-block-column is-layout-flow wp-block-column-is-layout-flow\">\n<figure class=\"wp-block-image size-full\"><a href=\"https:\/\/search.google.com\/search-console?resource_id=https%3A%2F%2Fmatilde.intellego.pt%2F\"><img loading=\"lazy\" decoding=\"async\" width=\"506\" height=\"125\" src=\"https:\/\/wiki.intellego.pt\/wp-content\/uploads\/2022\/04\/mundos-matilde-logo.png\" alt=\"\" class=\"wp-image-114\" srcset=\"https:\/\/wiki.intellego.pt\/wp-content\/uploads\/2022\/04\/mundos-matilde-logo.png 506w, https:\/\/wiki.intellego.pt\/wp-content\/uploads\/2022\/04\/mundos-matilde-logo-300x74.png 300w\" sizes=\"(max-width: 506px) 100vw, 506px\" \/><\/a><figcaption class=\"wp-element-caption\">Google Search Console<\/figcaption><\/figure>\n<\/div>\n\n\n\n<div class=\"wp-block-column is-layout-flow wp-block-column-is-layout-flow\">\n<figure class=\"wp-block-image size-full\"><img loading=\"lazy\" decoding=\"async\" width=\"457\" height=\"107\" src=\"https:\/\/wiki.intellego.pt\/wp-content\/uploads\/2022\/04\/comp-spark-logo.png\" alt=\"\" class=\"wp-image-115\" srcset=\"https:\/\/wiki.intellego.pt\/wp-content\/uploads\/2022\/04\/comp-spark-logo.png 457w, https:\/\/wiki.intellego.pt\/wp-content\/uploads\/2022\/04\/comp-spark-logo-300x70.png 300w\" sizes=\"(max-width: 457px) 100vw, 457px\" \/><figcaption class=\"wp-element-caption\">NO Google Search Console<\/figcaption><\/figure>\n<\/div>\n\n\n\n<div class=\"wp-block-column is-layout-flow wp-block-column-is-layout-flow\">\n<figure class=\"wp-block-image size-full\"><img loading=\"lazy\" decoding=\"async\" width=\"314\" height=\"62\" src=\"https:\/\/wiki.intellego.pt\/wp-content\/uploads\/2022\/04\/avent-gabriel-logo.png\" alt=\"\" class=\"wp-image-116\" srcset=\"https:\/\/wiki.intellego.pt\/wp-content\/uploads\/2022\/04\/avent-gabriel-logo.png 314w, https:\/\/wiki.intellego.pt\/wp-content\/uploads\/2022\/04\/avent-gabriel-logo-300x59.png 300w\" sizes=\"(max-width: 314px) 100vw, 314px\" \/><figcaption class=\"wp-element-caption\">NO Google Search Console<\/figcaption><\/figure>\n<\/div>\n<\/div>\n\n\n\n<h2 class=\"wp-block-heading has-text-align-center\">NatHumTec \/ Intellego \/ \u00d3rbita Primordial<\/h2>\n\n\n\n<div class=\"wp-block-columns has-vivid-green-cyan-background-color has-background is-layout-flex wp-container-core-columns-layout-9 wp-block-columns-is-layout-flex\">\n<div class=\"wp-block-column is-layout-flow wp-block-column-is-layout-flow\">\n<figure class=\"wp-block-image size-full is-resized\"><a href=\"https:\/\/sitfiscal.portaldasfinancas.gov.pt\/geral\/home\"><img loading=\"lazy\" decoding=\"async\" width=\"235\" height=\"71\" src=\"https:\/\/wiki.intellego.pt\/wp-content\/uploads\/2022\/04\/Screenshot-2022-04-08-at-12.58.04.png\" alt=\"\" class=\"wp-image-49\" style=\"width:268px;height:81px\"\/><\/a><\/figure>\n<\/div>\n\n\n\n<div class=\"wp-block-column is-layout-flow wp-block-column-is-layout-flow\">\n<figure class=\"wp-block-image size-full has-custom-border\"><a href=\"https:\/\/www.novobanco.pt\/particulares\/login\"><img loading=\"lazy\" decoding=\"async\" width=\"290\" height=\"87\" src=\"https:\/\/wiki.intellego.pt\/wp-content\/uploads\/2022\/04\/novobanco-logo-1.png\" alt=\"\" class=\"wp-image-106\" style=\"border-radius:0px\"\/><\/a><\/figure>\n<\/div>\n\n\n\n<div class=\"wp-block-column is-layout-flow wp-block-column-is-layout-flow\">\n<figure class=\"wp-block-image size-full is-resized\"><a href=\"https:\/\/www.viactt.pt\/fevia\/app\/auth\/checkUser.jspx\"><img loading=\"lazy\" decoding=\"async\" width=\"195\" height=\"68\" src=\"https:\/\/wiki.intellego.pt\/wp-content\/uploads\/2022\/04\/Screenshot-2022-04-08-at-16.41.10.png\" alt=\"\" class=\"wp-image-59\" style=\"width:257px;height:89px\"\/><\/a><\/figure>\n<\/div>\n<\/div>\n\n\n\n<div class=\"wp-block-columns has-vivid-green-cyan-background-color has-background is-layout-flex wp-container-core-columns-layout-10 wp-block-columns-is-layout-flex\">\n<div class=\"wp-block-column is-layout-flow wp-block-column-is-layout-flow\">\n<figure class=\"wp-block-image size-full\"><a href=\"https:\/\/www.toconline.pt\"><img loading=\"lazy\" decoding=\"async\" width=\"259\" height=\"77\" src=\"https:\/\/wiki.intellego.pt\/wp-content\/uploads\/2022\/07\/toconline.png\" alt=\"\" class=\"wp-image-157\"\/><\/a><\/figure>\n<\/div>\n\n\n\n<div class=\"wp-block-column is-layout-flow wp-block-column-is-layout-flow\"><\/div>\n\n\n\n<div class=\"wp-block-column is-layout-flow wp-block-column-is-layout-flow\"><\/div>\n<\/div>\n\n\n\n<h2 class=\"wp-block-heading has-text-align-center\">Fornecedores<\/h2>\n\n\n\n<div class=\"wp-block-columns has-vivid-green-cyan-background-color has-background is-layout-flex wp-container-core-columns-layout-11 wp-block-columns-is-layout-flex\">\n<div class=\"wp-block-column is-layout-flow wp-block-column-is-layout-flow\">\n<figure class=\"wp-block-image size-full\"><a href=\"https:\/\/www.digikey.pt\"><img loading=\"lazy\" decoding=\"async\" width=\"278\" height=\"90\" src=\"https:\/\/wiki.intellego.pt\/wp-content\/uploads\/2022\/04\/digikey.png\" alt=\"\" class=\"wp-image-119\"\/><\/a><\/figure>\n<\/div>\n\n\n\n<div class=\"wp-block-column is-layout-flow wp-block-column-is-layout-flow\">\n<figure class=\"wp-block-image size-full\"><a href=\"https:\/\/mauser.pt\"><img loading=\"lazy\" decoding=\"async\" width=\"445\" height=\"90\" src=\"https:\/\/wiki.intellego.pt\/wp-content\/uploads\/2022\/04\/mauser.png\" alt=\"\" class=\"wp-image-120\" srcset=\"https:\/\/wiki.intellego.pt\/wp-content\/uploads\/2022\/04\/mauser.png 445w, https:\/\/wiki.intellego.pt\/wp-content\/uploads\/2022\/04\/mauser-300x61.png 300w\" sizes=\"(max-width: 445px) 100vw, 445px\" \/><\/a><\/figure>\n<\/div>\n\n\n\n<div class=\"wp-block-column is-layout-flow wp-block-column-is-layout-flow\">\n<figure class=\"wp-block-image size-full\"><a href=\"https:\/\/www.botnroll.com\"><img loading=\"lazy\" decoding=\"async\" width=\"268\" height=\"129\" src=\"https:\/\/wiki.intellego.pt\/wp-content\/uploads\/2022\/04\/botnroll.png\" alt=\"\" class=\"wp-image-121\"\/><\/a><\/figure>\n<\/div>\n<\/div>\n\n\n\n<div class=\"wp-block-columns has-vivid-green-cyan-background-color has-background is-layout-flex wp-container-core-columns-layout-12 wp-block-columns-is-layout-flex\">\n<div class=\"wp-block-column is-layout-flow wp-block-column-is-layout-flow\">\n<p>PCDIGA<\/p>\n<\/div>\n\n\n\n<div class=\"wp-block-column is-layout-flow wp-block-column-is-layout-flow\">\n<p>AMAZON<\/p>\n<\/div>\n\n\n\n<div class=\"wp-block-column is-layout-flow wp-block-column-is-layout-flow\">\n<p>ALIEXPRESS<\/p>\n<\/div>\n<\/div>\n\n\n\n<h2 class=\"wp-block-heading has-text-align-center\">Os \u00faltimos posts:<\/h2>\n\n\n<ul class=\"wp-block-latest-posts__list is-grid columns-3 wp-block-latest-posts\"><li><div class=\"wp-block-latest-posts__featured-image\"><a href=\"https:\/\/wiki.intellego.pt\/index.php\/2022\/03\/29\/migracao-de-conteudo\/\" aria-label=\"Migra\u00e7\u00e3o de conte\u00fado\"><img loading=\"lazy\" decoding=\"async\" width=\"300\" height=\"169\" src=\"https:\/\/wiki.intellego.pt\/wp-content\/uploads\/2022\/03\/Data-Migration-300x169.jpg\" class=\"attachment-medium size-medium wp-post-image\" alt=\"\" style=\"\" srcset=\"https:\/\/wiki.intellego.pt\/wp-content\/uploads\/2022\/03\/Data-Migration-300x169.jpg 300w, https:\/\/wiki.intellego.pt\/wp-content\/uploads\/2022\/03\/Data-Migration-768x432.jpg 768w, https:\/\/wiki.intellego.pt\/wp-content\/uploads\/2022\/03\/Data-Migration.jpg 894w\" sizes=\"(max-width: 300px) 100vw, 300px\" \/><\/a><\/div><a class=\"wp-block-latest-posts__post-title\" href=\"https:\/\/wiki.intellego.pt\/index.php\/2022\/03\/29\/migracao-de-conteudo\/\">Migra\u00e7\u00e3o de conte\u00fado<\/a><\/li>\n<li><div class=\"wp-block-latest-posts__featured-image\"><a href=\"https:\/\/wiki.intellego.pt\/index.php\/2022\/03\/25\/hello-world\/\" aria-label=\"Hello world!\"><img loading=\"lazy\" decoding=\"async\" width=\"300\" height=\"269\" src=\"https:\/\/wiki.intellego.pt\/wp-content\/uploads\/2022\/03\/HelloWorld-scaled-e1648555760974-300x269.jpeg\" class=\"attachment-medium size-medium wp-post-image\" alt=\"\" style=\"\" srcset=\"https:\/\/wiki.intellego.pt\/wp-content\/uploads\/2022\/03\/HelloWorld-scaled-e1648555760974-300x269.jpeg 300w, https:\/\/wiki.intellego.pt\/wp-content\/uploads\/2022\/03\/HelloWorld-scaled-e1648555760974-1024x918.jpeg 1024w, https:\/\/wiki.intellego.pt\/wp-content\/uploads\/2022\/03\/HelloWorld-scaled-e1648555760974-768x688.jpeg 768w, https:\/\/wiki.intellego.pt\/wp-content\/uploads\/2022\/03\/HelloWorld-scaled-e1648555760974-1536x1377.jpeg 1536w, https:\/\/wiki.intellego.pt\/wp-content\/uploads\/2022\/03\/HelloWorld-scaled-e1648555760974.jpeg 1977w\" sizes=\"(max-width: 300px) 100vw, 300px\" \/><\/a><\/div><a class=\"wp-block-latest-posts__post-title\" href=\"https:\/\/wiki.intellego.pt\/index.php\/2022\/03\/25\/hello-world\/\">Hello world!<\/a><\/li>\n<\/ul><\/div>\n","protected":false},"excerpt":{"rendered":"<p>Benvindos ao Wiki e Dashboard da nossa fam\u00edlia! Este website (s\u00f3 acess\u00edvel da nossa rede local) ser\u00e1 o nosso Dashboard e Wiki familiar! Aqui temos: Servir\u00e1 como reposit\u00f3rio dessa informa\u00e7\u00e3o para podermos referenciar sempre que precisarmos, e podermos melhorar o que temos e o que fazemos em fam\u00edlia.A ideia \u00e9 criar uma p\u00e1gina para documentar [&hellip;]<\/p>\n","protected":false},"author":1,"featured_media":0,"parent":0,"menu_order":0,"comment_status":"closed","ping_status":"closed","template":"page-large-header","meta":{"footnotes":""},"_links":{"self":[{"href":"https:\/\/wiki.intellego.pt\/index.php\/wp-json\/wp\/v2\/pages\/8"}],"collection":[{"href":"https:\/\/wiki.intellego.pt\/index.php\/wp-json\/wp\/v2\/pages"}],"about":[{"href":"https:\/\/wiki.intellego.pt\/index.php\/wp-json\/wp\/v2\/types\/page"}],"author":[{"embeddable":true,"href":"https:\/\/wiki.intellego.pt\/index.php\/wp-json\/wp\/v2\/users\/1"}],"replies":[{"embeddable":true,"href":"https:\/\/wiki.intellego.pt\/index.php\/wp-json\/wp\/v2\/comments?post=8"}],"version-history":[{"count":44,"href":"https:\/\/wiki.intellego.pt\/index.php\/wp-json\/wp\/v2\/pages\/8\/revisions"}],"predecessor-version":[{"id":208,"href":"https:\/\/wiki.intellego.pt\/index.php\/wp-json\/wp\/v2\/pages\/8\/revisions\/208"}],"wp:attachment":[{"href":"https:\/\/wiki.intellego.pt\/index.php\/wp-json\/wp\/v2\/media?parent=8"}],"curies":[{"name":"wp","href":"https:\/\/api.w.org\/{rel}","templated":true}]}}