{"id":99,"date":"2022-04-27T16:36:39","date_gmt":"2022-04-27T16:36:39","guid":{"rendered":"https:\/\/wiki.intellego.pt\/?page_id=99"},"modified":"2022-04-27T16:36:39","modified_gmt":"2022-04-27T16:36:39","slug":"expositor-garrafa-leveduras","status":"publish","type":"page","link":"https:\/\/wiki.intellego.pt\/index.php\/expositor-garrafa-leveduras\/","title":{"rendered":"Expositor Garrafa Leveduras"},"content":{"rendered":"\n<p>Para a Proenol, criado pelo Paulo Almeida. Eletr\u00f3nica, motor e programa\u00e7\u00e3o por mim.<\/p>\n\n\n\n<figure class=\"wp-block-image size-large\"><img loading=\"lazy\" decoding=\"async\" width=\"768\" height=\"1024\" src=\"https:\/\/wiki.intellego.pt\/wp-content\/uploads\/2022\/04\/bottleTurnover-1-768x1024.jpeg\" alt=\"\" class=\"wp-image-100\" srcset=\"https:\/\/wiki.intellego.pt\/wp-content\/uploads\/2022\/04\/bottleTurnover-1-768x1024.jpeg 768w, https:\/\/wiki.intellego.pt\/wp-content\/uploads\/2022\/04\/bottleTurnover-1-225x300.jpeg 225w, https:\/\/wiki.intellego.pt\/wp-content\/uploads\/2022\/04\/bottleTurnover-1-1152x1536.jpeg 1152w, https:\/\/wiki.intellego.pt\/wp-content\/uploads\/2022\/04\/bottleTurnover-1-1536x2048.jpeg 1536w, https:\/\/wiki.intellego.pt\/wp-content\/uploads\/2022\/04\/bottleTurnover-1.jpeg 1620w\" sizes=\"(max-width: 768px) 100vw, 768px\" \/><\/figure>\n\n\n\n<h2 class=\"wp-block-heading\">PLANO<\/h2>\n\n\n\n<ul><li>2h Testes iniciais com eletr\u00f3nica e software.<\/li><li>2h Montagem do segundo microswitch e ajuste do mesmo. Cablagem de pot\u00eancia das fontes.<\/li><li>4h Fixa\u00e7\u00e3o da eletr\u00f3nica na caixa ou suporte, prote\u00e7\u00e3o da eletr\u00f3nica e cabos das vibra\u00e7\u00f5es<ul><li>1h Criar e imprimir uma caixa ou suporte com \u201ctampa\u201d em 3D da eletr\u00f3nica, que fixe nos suportes laterais, iguais aos das fontes.<\/li><li>3h Fixar eletr\u00f3nica e suportes dos LEDs<\/li><\/ul><\/li><li>3h Montar fita de LEDs 60\/m a toda a volta (2.2m); se s\u00f3 tiver de 30\/m, montar duas fitas (2.2+2.2=4.4m).<\/li><li>4h Controlador espec\u00edfico para os LEDs, ou usar o mesmo? Usar o mesmo funciona, pq controlar o motor n\u00e3o usa Interrupts. Mas escrever os LEDs gasta tempo: uso 137 LEDs e a lib FastLED, logo preciso de muito tempo e n\u00e3o d\u00e1 para mexer o motor e activar os LEDs, fica muito lento. No futuro, usar um pinh\u00e3o maior, e uma velocidade mais baixa do motor.<\/li><li>4h Caixa externa em 3D e placa eletr\u00f3nica e cabo CAT5 para controlador externo: Potenci\u00f3metro de escolha de cor, bot\u00e3o de modo de cor, bot\u00e3o de modo de movimento<ul><li>Modos de cor: OFF, single, dual<\/li><li>Modes de movimento: OFF, direct, backtrack<\/li><\/ul><\/li><li>espiral de pl\u00e1stico para cortar aos peda\u00e7os e manter os cabos de alimenta\u00e7\u00e3o e da caixa de controlo juntos.<\/li><li>1h Fechar, Preparar e transportar<\/li><\/ul>\n\n\n\n<h2 class=\"wp-block-heading\">MODUS OPERANDI<\/h2>\n\n\n\n<ul><li>Ao ligar \u00e0 energia, faz Homing (volta \u00e0 posi\u00e7\u00e3o inicial caso n\u00e3o esteja j\u00e1 nela).<\/li><li>Ao chegar \u00e0 posi\u00e7\u00e3o inicial, entra em modo Espera_FIM durante 10 segundos.<\/li><li>Neste modo de Espera_FIM n\u00e3o h\u00e1 movimento, e o utilizador pode iniciar um dos modos de configura\u00e7\u00e3o. Durante os 10 segundos, o utilizador pode pressionar uma vez o bot\u00e3o de configura\u00e7\u00e3o de Luz para entrar em modo de configura\u00e7\u00e3o dos LEDs. Analogamente, pode pressionar uma vez o bot\u00e3o de configura\u00e7\u00e3o de Movimento para entrar em modo de configura\u00e7\u00e3o do Movimento. <strong>CONFIGURA\u00c7\u00c3O DOS LEDs<\/strong><\/li><li>Ao entrar em modo de configura\u00e7\u00e3o de Luz, ou ao voltar a pressionar o bot\u00e3o de configura\u00e7\u00e3o de Luz, os LEDs piscam a VERDE algumas vezes para indicar o modo em que estamos. Cada vez que pressionamos o bot\u00e3o passamos para o estado seguinte, conforme a seguinte ordem:<ul><li>Pisca uma vez : LEDs desligados.<\/li><li>Pisca duas vezes : LEDs um modo MONO, mostram apenas uma cor.<\/li><li>Pisca tres vezes : LEDs um modo BI, mostram duas cores diferentes, uma em cada metade do expositor.<\/li><\/ul><\/li><li>Ap\u00f3s pressionar o bot\u00e3o e mudar de modo de Luz, e durante 10 segundos, o utilizador pode mudar a cor rodando o potenci\u00f3metro.<\/li><li>Ao passarem 10 segundos sem pressionar o bot\u00e3o, o sistema volta ao modo Espera_FIM. <strong>CONFIGURA\u00c7\u00c3O DOS MOVIMENTO<\/strong><\/li><li>Ao entrar em modo de configura\u00e7\u00e3o de Movimento, ou ao voltar a pressionar o bot\u00e3o de configura\u00e7\u00e3o de Movimento, os LEDs piscam a BRANCO algumas vezes para indicar o modo em que estamos. Cada vez que pressionamos o bot\u00e3o passamos para o estado seguinte, conforme a seguinte ordem:<ul><li>Pisca uma vez : Movimento desligado. O expositor n\u00e3o roda, e fica sempre em modo Espera_FIM.<\/li><li>Pisca duas vezes : Movimento SIMPLES.<\/li><li>Pisca tres vezes : Movimento com pequeno RETORNO a meio do percurso, que pode melhorar a queda do granulado e impedir que fique no gargalo da garrafa.<\/li><\/ul><\/li><li>Ao passarem 10 segundos sem pressionar o bot\u00e3o, o sistema volta ao modo Espera_FIM.<\/li><\/ul>\n\n\n\n<h2 class=\"wp-block-heading\">MELHORIAS<\/h2>\n\n\n\n<p>Melhorias:<\/p>\n\n\n\n<ul><li><del>Velocidade mais r\u00e1pida com menos tempo entre impulsos de comando de step.<\/del><\/li><li><del>Ver se \u00e9 f\u00e1cil abrandar ao chegar \u00e0s posi\u00e7\u00f5es finais da ida e retorno.<\/del><\/li><\/ul>\n\n\n\n<p>Melhorias para produto final:<\/p>\n\n\n\n<ul><li>Controlo do sistema por WiFi ou Bluetooth (placa espec\u00edfica?) ou por website, em vez da caixa externa.<\/li><\/ul>\n\n\n\n<h2 class=\"wp-block-heading\">MATERIAL<\/h2>\n\n\n\n<p>Material a comprar para repor:<\/p>\n\n\n\n<ul><li>#comprar drivers Motor Step novos, silenciosos na Watterott.<\/li><li>#comprar as placas gastas da HobbyComponents.<\/li><li>#comprar fita de LEDs APA102 5m 60\/m IP65<\/li><\/ul>\n\n\n\n<p><strong>Lista de material necess\u00e1rio<\/strong><\/p>\n\n\n\n<figure class=\"wp-block-table\"><table><thead><tr><th>Pre\u00e7o<\/th><th>Material<\/th><\/tr><\/thead><tbody><tr><td>28<\/td><td>Arduclema<\/td><\/tr><tr><td>7<\/td><td>CNC V3.0 Arduino Compatible Shield &#8211; Model HCARDU0086<\/td><\/tr><tr><td>4<\/td><td>Stepper Motor Driver A4988<\/td><\/tr><tr><td>20<\/td><td>Motor NEMA 17<\/td><\/tr><tr><td>10<\/td><td>Correia<\/td><\/tr><tr><td>15<\/td><td>LEDs WS-2812B 60LEDs\/m IP65<\/td><\/tr><tr><td>5<\/td><td>Suporte de eletr\u00f3nica (3D printed)<\/td><\/tr><tr><td>5<\/td><td>Caixa de comandos (3D printed)<\/td><\/tr><tr><td>3<\/td><td>Bornes<\/td><\/tr><tr><td>3<\/td><td>Cabo USB<\/td><\/tr><tr><td>4<\/td><td>Cabo Power<\/td><\/tr><tr><td>2<\/td><td>Bra\u00e7adeiras<\/td><\/tr><tr><td>2<\/td><td>Jumper cables<\/td><\/tr><tr><td>15<\/td><td>Portes<\/td><\/tr><tr><td>280<\/td><td>Mao de obra &#8211; 20 horas<\/td><\/tr><tr><td>403<\/td><td>TOTAL<\/td><\/tr><\/tbody><\/table><\/figure>\n\n\n\n<h2 class=\"wp-block-heading\">FOTOS E VIDEOS<\/h2>\n\n\n\n<figure class=\"wp-block-image size-large\"><img loading=\"lazy\" decoding=\"async\" width=\"1024\" height=\"768\" src=\"https:\/\/wiki.intellego.pt\/wp-content\/uploads\/2022\/04\/bottleTurnover-2-1024x768.jpeg\" alt=\"\" class=\"wp-image-101\" srcset=\"https:\/\/wiki.intellego.pt\/wp-content\/uploads\/2022\/04\/bottleTurnover-2-1024x768.jpeg 1024w, https:\/\/wiki.intellego.pt\/wp-content\/uploads\/2022\/04\/bottleTurnover-2-300x225.jpeg 300w, https:\/\/wiki.intellego.pt\/wp-content\/uploads\/2022\/04\/bottleTurnover-2-768x576.jpeg 768w, https:\/\/wiki.intellego.pt\/wp-content\/uploads\/2022\/04\/bottleTurnover-2.jpeg 1280w\" sizes=\"(max-width: 1024px) 100vw, 1024px\" \/><\/figure>\n\n\n\n<figure class=\"wp-block-image size-large\"><img loading=\"lazy\" decoding=\"async\" width=\"768\" height=\"1024\" src=\"https:\/\/wiki.intellego.pt\/wp-content\/uploads\/2022\/04\/bottleTurnover-3-768x1024.jpeg\" alt=\"\" class=\"wp-image-102\" srcset=\"https:\/\/wiki.intellego.pt\/wp-content\/uploads\/2022\/04\/bottleTurnover-3-768x1024.jpeg 768w, https:\/\/wiki.intellego.pt\/wp-content\/uploads\/2022\/04\/bottleTurnover-3-225x300.jpeg 225w, https:\/\/wiki.intellego.pt\/wp-content\/uploads\/2022\/04\/bottleTurnover-3.jpeg 960w\" sizes=\"(max-width: 768px) 100vw, 768px\" \/><\/figure>\n","protected":false},"excerpt":{"rendered":"<p>Para a Proenol, criado pelo Paulo Almeida. Eletr\u00f3nica, motor e programa\u00e7\u00e3o por mim. PLANO 2h Testes iniciais com eletr\u00f3nica e software. 2h Montagem do segundo microswitch e ajuste do mesmo. Cablagem de pot\u00eancia das fontes. 4h Fixa\u00e7\u00e3o da eletr\u00f3nica na caixa ou suporte, prote\u00e7\u00e3o da eletr\u00f3nica e cabos das vibra\u00e7\u00f5es 1h Criar e imprimir uma [&hellip;]<\/p>\n","protected":false},"author":1,"featured_media":0,"parent":0,"menu_order":0,"comment_status":"closed","ping_status":"closed","template":"","meta":{"footnotes":""},"_links":{"self":[{"href":"https:\/\/wiki.intellego.pt\/index.php\/wp-json\/wp\/v2\/pages\/99"}],"collection":[{"href":"https:\/\/wiki.intellego.pt\/index.php\/wp-json\/wp\/v2\/pages"}],"about":[{"href":"https:\/\/wiki.intellego.pt\/index.php\/wp-json\/wp\/v2\/types\/page"}],"author":[{"embeddable":true,"href":"https:\/\/wiki.intellego.pt\/index.php\/wp-json\/wp\/v2\/users\/1"}],"replies":[{"embeddable":true,"href":"https:\/\/wiki.intellego.pt\/index.php\/wp-json\/wp\/v2\/comments?post=99"}],"version-history":[{"count":1,"href":"https:\/\/wiki.intellego.pt\/index.php\/wp-json\/wp\/v2\/pages\/99\/revisions"}],"predecessor-version":[{"id":103,"href":"https:\/\/wiki.intellego.pt\/index.php\/wp-json\/wp\/v2\/pages\/99\/revisions\/103"}],"wp:attachment":[{"href":"https:\/\/wiki.intellego.pt\/index.php\/wp-json\/wp\/v2\/media?parent=99"}],"curies":[{"name":"wp","href":"https:\/\/api.w.org\/{rel}","templated":true}]}}